{"id":11043,"date":"2025-09-16T15:58:45","date_gmt":"2025-09-16T13:58:45","guid":{"rendered":"https:\/\/eurochemricerche.netechlab.it\/test-solari\/"},"modified":"2025-10-27T11:56:35","modified_gmt":"2025-10-27T10:56:35","slug":"sunscreen","status":"publish","type":"page","link":"https:\/\/www.eurochemricerche.it\/en\/sunscreen\/","title":{"rendered":"Sunscreen testing"},"content":{"rendered":"\t\t<div data-elementor-type=\"wp-page\" data-elementor-id=\"11043\" class=\"elementor elementor-11043 elementor-10807\">\n\t\t\t\t<div class=\"elementor-element elementor-element-5cec6e3 e-con-full e-flex parallax_section_no qode_elementor_container_no e-con e-parent\" data-id=\"5cec6e3\" data-element_type=\"container\" data-settings=\"{&quot;background_background&quot;:&quot;classic&quot;}\">\n\t\t<div class=\"elementor-element elementor-element-766576a6 e-con-full e-flex parallax_section_no qode_elementor_container_no e-con e-child\" data-id=\"766576a6\" data-element_type=\"container\">\n\t\t\t\t<div class=\"elementor-element elementor-element-2df0cb2d elementor-widget elementor-widget-heading\" data-id=\"2df0cb2d\" data-element_type=\"widget\" data-widget_type=\"heading.default\">\n\t\t\t\t<div class=\"elementor-widget-container\">\n\t\t\t\t\t<h1 class=\"elementor-heading-title elementor-size-default\">Test Solari<\/h1>\t\t\t\t<\/div>\n\t\t\t\t<\/div>\n\t\t\t\t<\/div>\n\t\t\t\t<\/div>\n\t\t<div class=\"elementor-element elementor-element-838809a e-con-full qode_elementor_container_inner e-flex parallax_section_no e-con e-parent\" data-id=\"838809a\" data-element_type=\"container\">\n\t\t<div class=\"elementor-element elementor-element-6f155dd e-con-full e-flex parallax_section_no qode_elementor_container_no e-con e-child\" data-id=\"6f155dd\" data-element_type=\"container\">\n\t\t<div class=\"elementor-element elementor-element-8fdf1c8 e-con-full e-flex parallax_section_no qode_elementor_container_no e-con e-child\" data-id=\"8fdf1c8\" data-element_type=\"container\" data-settings=\"{&quot;background_background&quot;:&quot;classic&quot;}\">\n\t\t\t\t<div class=\"elementor-element elementor-element-a8724d2 elementor-widget elementor-widget-text-editor\" data-id=\"a8724d2\" data-element_type=\"widget\" data-widget_type=\"text-editor.default\">\n\t\t\t\t<div class=\"elementor-widget-container\">\n\t\t\t\t\t\t\t\t\t<p>I prodotti solari ad uso topico sono regolamentati in modo diverso a seconda del Paese di destinazione: in Europa, Medio Oriente, India, Giappone, Sud-Est Asiatico e gran parte dell\u2019Africa sono considerati cosmetici. In mercati come Stati Uniti, Canada e Australia, invece, rientrano tra i prodotti terapeutici (farmaci OTC o da banco), per via del loro impatto sulla salute.<\/p><p>\u00a0<\/p><p>Formulare un solare efficace e piacevole da usare \u00e8 una delle sfide pi\u00f9 complesse nel mondo della cosmetica: serve equilibrio perfetto tra protezione, stabilit\u00e0 e sensorialit\u00e0.<\/p><p>\u00a0<\/p><p>Eurochem Ricerche \u00e8 il partner ideale per accompagnarti in questo percorso: dalla progettazione della formula fino ai test di efficacia e gradevolezza, offriamo soluzioni su misura per garantire il successo del tuo prodotto sul mercato, in linea con le normative internazionali.<\/p>\t\t\t\t\t\t\t\t<\/div>\n\t\t\t\t<\/div>\n\t\t\t\t<\/div>\n\t\t\t\t<\/div>\n\t\t<div class=\"elementor-element elementor-element-8f57b09 e-con-full e-flex parallax_section_no qode_elementor_container_no e-con e-child\" data-id=\"8f57b09\" data-element_type=\"container\">\n\t\t\t\t<div class=\"elementor-element elementor-element-d4fcd91 elementor-widget elementor-widget-bridge_image_hover\" data-id=\"d4fcd91\" data-element_type=\"widget\" data-widget_type=\"bridge_image_hover.default\">\n\t\t\t\t<div class=\"elementor-widget-container\">\n\t\t\t\t\t<div class=\"image_hover \" data-transition-delay=\"\"><div class=\"images_holder\"><img decoding=\"async\" itemprop=\"image\" class=\"\" src=\"https:\/\/www.eurochemricerche.it\/wp-content\/uploads\/2022\/09\/solari.jpg\" alt=\"solari\" style=\"\" \/><\/div><\/div>\t\t\t\t<\/div>\n\t\t\t\t<\/div>\n\t\t\t\t<\/div>\n\t\t\t\t<\/div>\n\t\t<div class=\"elementor-element elementor-element-f0b5ff7 e-flex e-con-boxed parallax_section_no qode_elementor_container_no e-con e-parent\" data-id=\"f0b5ff7\" data-element_type=\"container\">\n\t\t\t\t\t<div class=\"e-con-inner\">\n\t\t\t\t<div class=\"elementor-element elementor-element-c95f8a5 elementor-widget__width-initial elementor-widget elementor-widget-heading\" data-id=\"c95f8a5\" data-element_type=\"widget\" data-widget_type=\"heading.default\">\n\t\t\t\t<div class=\"elementor-widget-container\">\n\t\t\t\t\t<h2 class=\"elementor-heading-title elementor-size-default\">Richiedi informazioni su questo servizio<\/h2>\t\t\t\t<\/div>\n\t\t\t\t<\/div>\n\t\t\t\t\t<\/div>\n\t\t\t\t<\/div>\n\t\t<div class=\"elementor-element elementor-element-b6f7c07 e-con-full qode_elementor_container_inner e-flex parallax_section_no e-con e-parent\" data-id=\"b6f7c07\" data-element_type=\"container\" data-settings=\"{&quot;background_background&quot;:&quot;classic&quot;}\">\n\t\t<div class=\"elementor-element elementor-element-f5d9300 e-con-full e-flex parallax_section_no qode_elementor_container_no e-con e-child\" data-id=\"f5d9300\" data-element_type=\"container\">\n\t\t<div class=\"elementor-element elementor-element-105606a e-con-full e-flex parallax_section_no qode_elementor_container_no e-con e-child\" data-id=\"105606a\" data-element_type=\"container\">\n\t\t\t\t<div class=\"elementor-element elementor-element-89a1c0d elementor-widget elementor-widget-heading\" data-id=\"89a1c0d\" data-element_type=\"widget\" data-widget_type=\"heading.default\">\n\t\t\t\t<div class=\"elementor-widget-container\">\n\t\t\t\t\t<h4 class=\"elementor-heading-title elementor-size-default\">Telefono<\/h4>\t\t\t\t<\/div>\n\t\t\t\t<\/div>\n\t\t\t\t<div class=\"elementor-element elementor-element-c780c8b elementor-widget elementor-widget-text-editor\" data-id=\"c780c8b\" data-element_type=\"widget\" data-widget_type=\"text-editor.default\">\n\t\t\t\t<div class=\"elementor-widget-container\">\n\t\t\t\t\t\t\t\t\t<p><a href=\"tel:+39.0499002844\">+39 0499002844<\/a><\/p>\t\t\t\t\t\t\t\t<\/div>\n\t\t\t\t<\/div>\n\t\t\t\t<\/div>\n\t\t<div class=\"elementor-element elementor-element-88ca218 e-con-full e-flex parallax_section_no qode_elementor_container_no e-con e-child\" data-id=\"88ca218\" data-element_type=\"container\">\n\t\t\t\t<div class=\"elementor-element elementor-element-a8f6ebc elementor-widget elementor-widget-heading\" data-id=\"a8f6ebc\" data-element_type=\"widget\" data-widget_type=\"heading.default\">\n\t\t\t\t<div class=\"elementor-widget-container\">\n\t\t\t\t\t<h4 class=\"elementor-heading-title elementor-size-default\">E-Mail<\/h4>\t\t\t\t<\/div>\n\t\t\t\t<\/div>\n\t\t\t\t<div class=\"elementor-element elementor-element-a0ed710 elementor-widget elementor-widget-text-editor\" data-id=\"a0ed710\" data-element_type=\"widget\" data-widget_type=\"text-editor.default\">\n\t\t\t\t<div class=\"elementor-widget-container\">\n\t\t\t\t\t\t\t\t\t<p><a href=\"mailto:info@eurochemricerche.it\">info@eurochemricerche.it<\/a><\/p>\t\t\t\t\t\t\t\t<\/div>\n\t\t\t\t<\/div>\n\t\t\t\t<\/div>\n\t\t\t\t<\/div>\n\t\t\t\t<\/div>\n\t\t<div class=\"elementor-element elementor-element-5cd752e e-con-full qode_elementor_container_inner e-flex parallax_section_no e-con e-parent\" data-id=\"5cd752e\" data-element_type=\"container\">\n\t\t<div class=\"elementor-element elementor-element-7dfaacb e-con-full e-flex parallax_section_no qode_elementor_container_no e-con e-child\" data-id=\"7dfaacb\" data-element_type=\"container\">\n\t\t\t\t<div class=\"elementor-element elementor-element-d4d013e elementor-widget__width-initial elementor-widget elementor-widget-heading\" data-id=\"d4d013e\" data-element_type=\"widget\" data-widget_type=\"heading.default\">\n\t\t\t\t<div class=\"elementor-widget-container\">\n\t\t\t\t\t<h4 class=\"elementor-heading-title elementor-size-default\">Oppure compila il form sottostante<\/h4>\t\t\t\t<\/div>\n\t\t\t\t<\/div>\n\t\t\t\t<div class=\"elementor-element elementor-element-6a2d418 elementor-widget__width-initial elementor-widget elementor-widget-bridge_cf_7\" data-id=\"6a2d418\" data-element_type=\"widget\" data-widget_type=\"bridge_cf_7.default\">\n\t\t\t\t<div class=\"elementor-widget-container\">\n\t\t\t\t\t    <div class=\"qode-contact-form-7 qode-contact-form-7-0\">\n    \n<div class=\"wpcf7 no-js\" id=\"wpcf7-f11126-o1\" lang=\"en-US\" dir=\"ltr\" data-wpcf7-id=\"11126\">\n<div class=\"screen-reader-response\"><p role=\"status\" aria-live=\"polite\" aria-atomic=\"true\"><\/p> <ul><\/ul><\/div>\n<form action=\"\/en\/wp-json\/wp\/v2\/pages\/11043#wpcf7-f11126-o1\" method=\"post\" class=\"wpcf7-form init cf7_custom_style_2\" aria-label=\"Contact form\" novalidate=\"novalidate\" data-status=\"init\">\n<fieldset class=\"hidden-fields-container\"><input type=\"hidden\" name=\"_wpcf7\" value=\"11126\" \/><input type=\"hidden\" name=\"_wpcf7_version\" value=\"6.1.2\" \/><input type=\"hidden\" name=\"_wpcf7_locale\" value=\"en_US\" \/><input type=\"hidden\" name=\"_wpcf7_unit_tag\" value=\"wpcf7-f11126-o1\" \/><input type=\"hidden\" name=\"_wpcf7_container_post\" value=\"0\" \/><input type=\"hidden\" name=\"_wpcf7_posted_data_hash\" value=\"\" \/><input type=\"hidden\" name=\"_wpcf7_recaptcha_response\" value=\"\" \/>\n<\/fieldset>\n<span class=\"wpcf7-form-control-wrap\" data-name=\"nome-cognome\"><input size=\"40\" maxlength=\"400\" class=\"wpcf7-form-control wpcf7-text wpcf7-validates-as-required\" aria-required=\"true\" aria-invalid=\"false\" placeholder=\"Name and surname\" value=\"\" type=\"text\" name=\"nome-cognome\" \/><\/span>\n\n<span class=\"wpcf7-form-control-wrap\" data-name=\"email\"><input size=\"40\" maxlength=\"400\" class=\"wpcf7-form-control wpcf7-email wpcf7-validates-as-required wpcf7-text wpcf7-validates-as-email\" aria-required=\"true\" aria-invalid=\"false\" placeholder=\"Email\" value=\"\" type=\"email\" name=\"email\" \/><\/span>\n\n<span class=\"wpcf7-form-control-wrap\" data-name=\"telefono\"><input size=\"40\" maxlength=\"400\" class=\"wpcf7-form-control wpcf7-text wpcf7-validates-as-required\" aria-required=\"true\" aria-invalid=\"false\" placeholder=\"Telephone\" value=\"\" type=\"text\" name=\"telefono\" \/><\/span>\n\n<span class=\"wpcf7-form-control-wrap\" data-name=\"messaggio\"><textarea cols=\"40\" rows=\"10\" maxlength=\"2000\" class=\"wpcf7-form-control wpcf7-textarea wpcf7-validates-as-required\" aria-required=\"true\" aria-invalid=\"false\" placeholder=\"Message\" name=\"messaggio\"><\/textarea><\/span>\n\n<span class=\"wpcf7-form-control-wrap\" data-name=\"privacy-policy\"><span class=\"wpcf7-form-control wpcf7-acceptance\"><span class=\"wpcf7-list-item\"><label><input type=\"checkbox\" name=\"privacy-policy\" value=\"1\" aria-invalid=\"false\" \/><span class=\"wpcf7-list-item-label\">I have read and approved the<br><a href=\"https:\/\/eurochemricerche.netechlab.it\/en\/privacy-policy\/\" target=\"_blank\" rel=\"noopener\">processing of personal data<\/a>.<\/span><\/label><\/span><\/span><\/span>\n\n<input class=\"wpcf7-form-control wpcf7-submit has-spinner\" type=\"submit\" value=\"SEND REQUEST\" \/><div class=\"wpcf7-response-output\" aria-hidden=\"true\"><\/div>\n<\/form>\n<\/div>\n    <\/div>\n\t\t\t\t<\/div>\n\t\t\t\t<\/div>\n\t\t\t\t<\/div>\n\t\t\t\t<\/div>\n\t\t\t\t<\/div>\n\t\t","protected":false},"excerpt":{"rendered":"<p>Test Solari I prodotti solari ad uso topico sono regolamentati in modo diverso a seconda del Paese di destinazione: in Europa, Medio Oriente, India, Giappone, Sud-Est Asiatico e gran parte dell\u2019Africa sono considerati cosmetici. In mercati come Stati Uniti, Canada e Australia, invece, rientrano tra&#8230;<\/p>\n","protected":false},"author":1,"featured_media":0,"parent":0,"menu_order":0,"comment_status":"closed","ping_status":"closed","template":"full_width.php","meta":{"footnotes":""},"class_list":["post-11043","page","type-page","status-publish","hentry"],"_links":{"self":[{"href":"https:\/\/www.eurochemricerche.it\/en\/wp-json\/wp\/v2\/pages\/11043","targetHints":{"allow":["GET"]}}],"collection":[{"href":"https:\/\/www.eurochemricerche.it\/en\/wp-json\/wp\/v2\/pages"}],"about":[{"href":"https:\/\/www.eurochemricerche.it\/en\/wp-json\/wp\/v2\/types\/page"}],"author":[{"embeddable":true,"href":"https:\/\/www.eurochemricerche.it\/en\/wp-json\/wp\/v2\/users\/1"}],"replies":[{"embeddable":true,"href":"https:\/\/www.eurochemricerche.it\/en\/wp-json\/wp\/v2\/comments?post=11043"}],"version-history":[{"count":1,"href":"https:\/\/www.eurochemricerche.it\/en\/wp-json\/wp\/v2\/pages\/11043\/revisions"}],"predecessor-version":[{"id":11056,"href":"https:\/\/www.eurochemricerche.it\/en\/wp-json\/wp\/v2\/pages\/11043\/revisions\/11056"}],"wp:attachment":[{"href":"https:\/\/www.eurochemricerche.it\/en\/wp-json\/wp\/v2\/media?parent=11043"}],"curies":[{"name":"wp","href":"https:\/\/api.w.org\/{rel}","templated":true}]}}